{"id":5757,"date":"2025-10-26T16:19:39","date_gmt":"2025-10-26T16:19:39","guid":{"rendered":"https:\/\/ty-biosolution.com\/?post_type=product&#038;p=5757"},"modified":"2026-01-19T07:34:43","modified_gmt":"2026-01-19T07:34:43","slug":"glass-microelectrode-injection-pump","status":"publish","type":"product","link":"https:\/\/ty-biosolution.com\/zh\/product\/glass-microelectrode-injection-pump\/","title":{"rendered":"Glass Microelectrode Injection Pump"},"content":{"rendered":"<p><img loading=\"lazy\" decoding=\"async\" class=\"size-full wp-image-5758 aligncenter\" src=\"https:\/\/ty-biosolution.com\/wp-content\/uploads\/2025\/10\/5.jpg\" alt=\"\" width=\"500\" height=\"482\" srcset=\"https:\/\/ty-biosolution.com\/wp-content\/uploads\/2025\/10\/5.jpg 500w, https:\/\/ty-biosolution.com\/wp-content\/uploads\/2025\/10\/5-300x289.jpg 300w, https:\/\/ty-biosolution.com\/wp-content\/uploads\/2025\/10\/5-12x12.jpg 12w\" sizes=\"auto, (max-width: 500px) 100vw, 500px\" \/><\/p>\n<p class=\"ds-markdown-paragraph\"><strong>Main Application Fields<\/strong><\/p>\n<ul>\n<li>\n<p class=\"ds-markdown-paragraph\"><strong>Rodent Research Applications<\/strong><br \/>\n\u221a Deep brain injections in guinea pigs, rats, and mice for viruses, drugs, neurotransmitters, or dyes<br \/>\n\u221a Oocyte and embryo injections in guinea pigs, rats, and mice for genetic material, drugs, or dyes<\/p>\n<\/li>\n<li>\n<p class=\"ds-markdown-paragraph\"><strong>Zebrafish Research Applications<\/strong><br \/>\n\u221a Zebrafish oocyte gene or dye injection<br \/>\n\u221a In vivo injections in zebrafish larvae<\/p>\n<\/li>\n<li>\n<p class=\"ds-markdown-paragraph\"><strong>Insect Research Applications<\/strong><br \/>\n\u221a Oocyte injections in nematodes, worms, fruit flies, cotton bollworms, brown planthoppers, etc.<br \/>\n\u221a In vivo drug or dye injections in nematodes and worms<br \/>\n\u221a In vivo drug or dye injections in fruit flies, cotton bollworms, and brown planthoppers<\/p>\n<\/li>\n<li>\n<p class=\"ds-markdown-paragraph\"><strong>Xenopus Oocyte and Tadpole Injections<\/strong><\/p>\n<\/li>\n<\/ul>\n<hr \/>\n<p class=\"ds-markdown-paragraph\"><strong>Performance Advantages<\/strong><br \/>\n\u203b Multiple operation modes: homing, emptying, sampling, and programmable injection<br \/>\n\u203b High precision: injection volumes as low as &lt;1 nl<br \/>\n\u203b Hydraulic technology ensures consistent injection volume<br \/>\n\u203b Injection methods: single manual injection or programmable injection with auto-save<br \/>\n\u203b User-friendly touchscreen operation<br \/>\n\u203b Expandable potential applications based on requirements<br \/>\n\u203b Easy-to-use micro-pipetting and injection capillaries<br \/>\n\u203b No O-ring required; simple assembly with effective sealing<\/p>\n<hr \/>\n<p class=\"ds-markdown-paragraph\"><strong>Technical Parameters<\/strong><\/p>\n<ol start=\"1\">\n<li>\n<p class=\"ds-markdown-paragraph\">5-inch LCD touchscreen with one-key Chinese\/English switching<\/p>\n<\/li>\n<li>\n<p class=\"ds-markdown-paragraph\">Stroke: 25 mm<\/p>\n<\/li>\n<li>\n<p class=\"ds-markdown-paragraph\">Capillary dimensions: OD 0.045&#8243; (1.14 mm), ID 0.021&#8243; (0.53 mm)<\/p>\n<\/li>\n<li>\n<p class=\"ds-markdown-paragraph\">Flow rate range: 0.295 nl \u2013 12.763 \u03bcl\/min<\/p>\n<\/li>\n<li>\n<p class=\"ds-markdown-paragraph\">Adjustment resolution: 7.9 \u03bcm\/min<\/p>\n<\/li>\n<li>\n<p class=\"ds-markdown-paragraph\">Stroke resolution: 0.165 \u03bcm<\/p>\n<\/li>\n<li>\n<p class=\"ds-markdown-paragraph\">Rated linear thrust: 20 N<\/p>\n<\/li>\n<li>\n<p class=\"ds-markdown-paragraph\">Setting method: Touchscreen configuration<\/p>\n<\/li>\n<li>\n<p class=\"ds-markdown-paragraph\">Control accuracy: \u22640.5% error at \u226530% full stroke<\/p>\n<\/li>\n<li>\n<p class=\"ds-markdown-paragraph\">External control interface: Start\/stop, fast forward, fast reverse<\/p>\n<\/li>\n<li>\n<p class=\"ds-markdown-paragraph\">Communication interface: RS485; Power supply: AC 220 V \u00b110%, 50\/60 Hz; Power consumption: &lt;10 W<\/p>\n<\/li>\n<li>\n<p class=\"ds-markdown-paragraph\">Operating environment: 0\u201340\u00b0C, relative humidity &lt;80%<\/p>\n<\/li>\n<li>\n<p class=\"ds-markdown-paragraph\">Dimensions (L \u00d7 W \u00d7 H): 180 \u00d7 46 \u00d7 78 mm<\/p>\n<\/li>\n<\/ol>\n<hr \/>\n<p class=\"ds-markdown-paragraph\">This pump offers researchers a versatile and precise tool for a wide range of microinjection applications across multiple biological models and disciplines.<\/p>","protected":false},"excerpt":{"rendered":"<p>The Glass Microelectrode Injection Pump is a high-precision, high-airtightness, and high-stability injection pump designed for precise timed and quantitative microinjection and aspiration in applications such as oocytes, animal embryos, protozoa, animal brains, and eyes. It can be paired with a stereotaxic instrument for intracranial viral or tracer injections, and is also suitable for agricultural research including pest control and plant protection\u2014enabling targeted substance injection or aspiration in insect embryos and larvae.<\/p>","protected":false},"featured_media":5758,"comment_status":"open","ping_status":"closed","template":"","meta":{"_uag_custom_page_level_css":"","site-sidebar-layout":"default","site-content-layout":"","ast-site-content-layout":"default","site-content-style":"default","site-sidebar-style":"default","ast-global-header-display":"","ast-banner-title-visibility":"","ast-main-header-display":"","ast-hfb-above-header-display":"","ast-hfb-below-header-display":"","ast-hfb-mobile-header-display":"","site-post-title":"","ast-breadcrumbs-content":"","ast-featured-img":"","footer-sml-layout":"","ast-disable-related-posts":"","theme-transparent-header-meta":"default","adv-header-id-meta":"","stick-header-meta":"default","header-above-stick-meta":"","header-main-stick-meta":"","header-below-stick-meta":"","astra-migrate-meta-layouts":"set","ast-page-background-enabled":"default","ast-page-background-meta":{"desktop":{"background-color":"","background-image":"","background-repeat":"repeat","background-position":"center center","background-size":"auto","background-attachment":"scroll","background-type":"","background-media":"","overlay-type":"","overlay-color":"","overlay-opacity":"","overlay-gradient":""},"tablet":{"background-color":"","background-image":"","background-repeat":"repeat","background-position":"center center","background-size":"auto","background-attachment":"scroll","background-type":"","background-media":"","overlay-type":"","overlay-color":"","overlay-opacity":"","overlay-gradient":""},"mobile":{"background-color":"","background-image":"","background-repeat":"repeat","background-position":"center center","background-size":"auto","background-attachment":"scroll","background-type":"","background-media":"","overlay-type":"","overlay-color":"","overlay-opacity":"","overlay-gradient":""}},"ast-content-background-meta":{"desktop":{"background-color":"var(--ast-global-color-4)","background-image":"","background-repeat":"repeat","background-position":"center center","background-size":"auto","background-attachment":"scroll","background-type":"","background-media":"","overlay-type":"","overlay-color":"","overlay-opacity":"","overlay-gradient":""},"tablet":{"background-color":"var(--ast-global-color-4)","background-image":"","background-repeat":"repeat","background-position":"center center","background-size":"auto","background-attachment":"scroll","background-type":"","background-media":"","overlay-type":"","overlay-color":"","overlay-opacity":"","overlay-gradient":""},"mobile":{"background-color":"var(--ast-global-color-4)","background-image":"","background-repeat":"repeat","background-position":"center center","background-size":"auto","background-attachment":"scroll","background-type":"","background-media":"","overlay-type":"","overlay-color":"","overlay-opacity":"","overlay-gradient":""}}},"product_cat":[38],"product_tag":[],"class_list":{"0":"post-5757","1":"product","2":"type-product","3":"status-publish","4":"has-post-thumbnail","6":"product_cat-stereotaxic-instruments-accessories","7":"desktop-align-center","8":"tablet-align-center","9":"mobile-align-center","10":"ast-product-gallery-layout-horizontal","11":"ast-product-gallery-with-no-image","12":"ast-product-tabs-layout-horizontal","13":"ast-qv-on-image","15":"first","16":"instock","17":"shipping-taxable","18":"product-type-simple"},"uagb_featured_image_src":{"full":["https:\/\/ty-biosolution.com\/wp-content\/uploads\/2025\/10\/5.jpg",500,482,false],"thumbnail":["https:\/\/ty-biosolution.com\/wp-content\/uploads\/2025\/10\/5-150x150.jpg",150,150,true],"medium":["https:\/\/ty-biosolution.com\/wp-content\/uploads\/2025\/10\/5-300x289.jpg",300,289,true],"medium_large":["https:\/\/ty-biosolution.com\/wp-content\/uploads\/2025\/10\/5.jpg",500,482,false],"large":["https:\/\/ty-biosolution.com\/wp-content\/uploads\/2025\/10\/5.jpg",500,482,false],"1536x1536":["https:\/\/ty-biosolution.com\/wp-content\/uploads\/2025\/10\/5.jpg",500,482,false],"2048x2048":["https:\/\/ty-biosolution.com\/wp-content\/uploads\/2025\/10\/5.jpg",500,482,false],"trp-custom-language-flag":["https:\/\/ty-biosolution.com\/wp-content\/uploads\/2025\/10\/5-12x12.jpg",12,12,true],"woocommerce_thumbnail":["https:\/\/ty-biosolution.com\/wp-content\/uploads\/2025\/10\/5-300x300.jpg",300,300,true],"woocommerce_single":["https:\/\/ty-biosolution.com\/wp-content\/uploads\/2025\/10\/5.jpg",500,482,false],"woocommerce_gallery_thumbnail":["https:\/\/ty-biosolution.com\/wp-content\/uploads\/2025\/10\/5-100x100.jpg",100,100,true]},"uagb_author_info":{"display_name":"admin","author_link":"https:\/\/ty-biosolution.com\/zh\/author\/"},"uagb_comment_info":2,"uagb_excerpt":"The Glass Microelectrode Injection Pump is a high-precision, high-airtightness, and high-stability injection pump designed for precise timed and quantitative microinjection and aspiration in applications such as oocytes, animal embryos, protozoa, animal brains, and eyes. It can be paired with a stereotaxic instrument for intracranial viral or tracer injections, and is also suitable for agricultural research&hellip;","_links":{"self":[{"href":"https:\/\/ty-biosolution.com\/zh\/wp-json\/wp\/v2\/product\/5757","targetHints":{"allow":["GET"]}}],"collection":[{"href":"https:\/\/ty-biosolution.com\/zh\/wp-json\/wp\/v2\/product"}],"about":[{"href":"https:\/\/ty-biosolution.com\/zh\/wp-json\/wp\/v2\/types\/product"}],"replies":[{"embeddable":true,"href":"https:\/\/ty-biosolution.com\/zh\/wp-json\/wp\/v2\/comments?post=5757"}],"wp:featuredmedia":[{"embeddable":true,"href":"https:\/\/ty-biosolution.com\/zh\/wp-json\/wp\/v2\/media\/5758"}],"wp:attachment":[{"href":"https:\/\/ty-biosolution.com\/zh\/wp-json\/wp\/v2\/media?parent=5757"}],"wp:term":[{"taxonomy":"product_cat","embeddable":true,"href":"https:\/\/ty-biosolution.com\/zh\/wp-json\/wp\/v2\/product_cat?post=5757"},{"taxonomy":"product_tag","embeddable":true,"href":"https:\/\/ty-biosolution.com\/zh\/wp-json\/wp\/v2\/product_tag?post=5757"}],"curies":[{"name":"wp","href":"https:\/\/api.w.org\/{rel}","templated":true}]}}